{"id":2,"date":"2025-11-09T20:18:16","date_gmt":"2025-11-09T20:18:16","guid":{"rendered":"http:\/\/escolanauticaandorra.net\/?page_id=2"},"modified":"2026-01-21T21:36:56","modified_gmt":"2026-01-21T21:36:56","slug":"sample-page","status":"publish","type":"page","link":"https:\/\/escolanauticaandorra.net\/index.php\/sample-page\/","title":{"rendered":"Contacte"},"content":{"rendered":"<div class=\"is-default-size wp-block-site-logo\"><a href=\"https:\/\/escolanauticaandorra.net\/\" class=\"custom-logo-link\" rel=\"home\"><img loading=\"lazy\" decoding=\"async\" width=\"621\" height=\"465\" src=\"https:\/\/escolanauticaandorra.net\/wp-content\/uploads\/2025\/11\/307331672_628081565500616_424062237938997842_n-11.jpg\" class=\"custom-logo\" alt=\"Escola Nautica Andorra\" srcset=\"https:\/\/escolanauticaandorra.net\/wp-content\/uploads\/2025\/11\/307331672_628081565500616_424062237938997842_n-11.jpg 621w, https:\/\/escolanauticaandorra.net\/wp-content\/uploads\/2025\/11\/307331672_628081565500616_424062237938997842_n-11-300x225.jpg 300w\" sizes=\"auto, (max-width: 621px) 100vw, 621px\" \/><\/a><\/div>\n\n\n<p>Demana informaci\u00f3 sense cap comprom\u00eds!<\/p>\n\n\n\n<p>Pide informaci\u00f3n sin compromiso<\/p>\n\n\n\n<p>+376 347 015<\/p>\n\n\n\n<p><a href=\"http:\/\/nauticaandorra@gmail.com\"><strong>nauticaandorra<\/strong><\/a><a href=\"http:\/\/nauticaandorra@gmail.com\" data-type=\"link\" data-id=\"http:\/\/nauticaandorra@gmail.com\"><strong>@gmail.com<\/strong><\/a><\/p>\n\n\n\n<p>Av. de la Cortinada, 18 PB3 La Cortinada. AD300 Ordino.<\/p>\n\n\n\n<p>Principat d\u2019 Andorra<\/p>\n\n\n\n<p><\/p>\n","protected":false},"excerpt":{"rendered":"<p>Demana informaci\u00f3 sense cap comprom\u00eds! Pide informaci\u00f3n sin compromiso +376 347 015 nauticaandorra@gmail.com Av. de la Cortinada, 18 PB3 La Cortinada. AD300 Ordino. Principat d\u2019 Andorra<\/p>\n","protected":false},"author":1,"featured_media":0,"parent":0,"menu_order":0,"comment_status":"closed","ping_status":"open","template":"","meta":{"footnotes":""},"class_list":["post-2","page","type-page","status-publish","hentry"],"_links":{"self":[{"href":"https:\/\/escolanauticaandorra.net\/index.php\/wp-json\/wp\/v2\/pages\/2","targetHints":{"allow":["GET"]}}],"collection":[{"href":"https:\/\/escolanauticaandorra.net\/index.php\/wp-json\/wp\/v2\/pages"}],"about":[{"href":"https:\/\/escolanauticaandorra.net\/index.php\/wp-json\/wp\/v2\/types\/page"}],"author":[{"embeddable":true,"href":"https:\/\/escolanauticaandorra.net\/index.php\/wp-json\/wp\/v2\/users\/1"}],"replies":[{"embeddable":true,"href":"https:\/\/escolanauticaandorra.net\/index.php\/wp-json\/wp\/v2\/comments?post=2"}],"version-history":[{"count":6,"href":"https:\/\/escolanauticaandorra.net\/index.php\/wp-json\/wp\/v2\/pages\/2\/revisions"}],"predecessor-version":[{"id":36,"href":"https:\/\/escolanauticaandorra.net\/index.php\/wp-json\/wp\/v2\/pages\/2\/revisions\/36"}],"wp:attachment":[{"href":"https:\/\/escolanauticaandorra.net\/index.php\/wp-json\/wp\/v2\/media?parent=2"}],"curies":[{"name":"wp","href":"https:\/\/api.w.org\/{rel}","templated":true}]}}